{"id":1836,"date":"2022-07-13T12:52:46","date_gmt":"2022-07-13T12:52:46","guid":{"rendered":"https:\/\/www.kapferer.at\/privacy-policy\/"},"modified":"2023-12-21T09:39:01","modified_gmt":"2023-12-21T09:39:01","slug":"privacy-policy","status":"publish","type":"page","link":"https:\/\/www.kapferer.at\/en\/privacy-policy\/","title":{"rendered":"PRIVACY POLICY"},"content":{"rendered":"<p><div class=\"fusion-fullwidth fullwidth-box fusion-builder-row-1 fusion-flex-container has-pattern-background has-mask-background hundred-percent-fullwidth non-hundred-percent-height-scrolling\" style=\"--awb-border-color:var(--awb-color8);--awb-border-radius-top-left:0px;--awb-border-radius-top-right:0px;--awb-border-radius-bottom-right:0px;--awb-border-radius-bottom-left:0px;--awb-overflow:hidden;--awb-padding-top-medium:0%;--awb-padding-right-medium:7%;--awb-padding-bottom-medium:0%;--awb-padding-left-medium:7%;--awb-padding-top-small:0%;--awb-padding-right-small:5%;--awb-padding-bottom-small:0%;--awb-padding-left-small:5%;--awb-margin-top-medium:0%;--awb-margin-bottom-medium:0%;--awb-margin-top-small:0%;--awb-margin-bottom-small:0%;--awb-flex-wrap:wrap;\" ><div class=\"fusion-builder-row fusion-row fusion-flex-align-items-flex-start fusion-flex-content-wrap\" style=\"width:102% !important;max-width:102% !important;margin-left: calc(-2% \/ 2 );margin-right: calc(-2% \/ 2 );\"><div class=\"fusion-layout-column fusion_builder_column fusion-builder-column-0 fusion_builder_column_1_1 1_1 fusion-flex-column fusion-flex-align-self-center\" style=\"--awb-padding-top:20%;--awb-padding-right:10%;--awb-padding-bottom:10%;--awb-padding-left:10%;--awb-bg-size:cover;--awb-width-large:100%;--awb-margin-top-large:0%;--awb-spacing-right-large:0.98%;--awb-margin-bottom-large:0%;--awb-spacing-left-large:0.98%;--awb-width-medium:100%;--awb-order-medium:0;--awb-spacing-right-medium:0.98%;--awb-spacing-left-medium:0.98%;--awb-width-small:100%;--awb-order-small:0;--awb-spacing-right-small:0.98%;--awb-spacing-left-small:0.98%;\"><div class=\"fusion-column-wrapper fusion-column-has-shadow fusion-flex-justify-content-flex-start fusion-content-layout-column\"><div class=\"fusion-title title fusion-title-1 fusion-sep-none fusion-title-text fusion-title-size-one\" style=\"--awb-margin-bottom:0px;--awb-margin-top-small:0px;--awb-margin-bottom-small:0px;\"><h1 class=\"fusion-title-heading title-heading-left fusion-responsive-typography-calculated\" style=\"margin:0;--fontSize:24;--minFontSize:24;line-height:1.42;\">PRIVACY POLICY<\/h1><\/div><div class=\"fusion-separator\" style=\"align-self: flex-start;margin-right:auto;margin-top:2%;margin-bottom:5%;width:100%;max-width:80px;\"><div class=\"fusion-separator-border sep-single sep-solid\" style=\"--awb-height:20px;--awb-amount:20px;border-color:var(--awb-color1);border-top-width:2px;\"><\/div><\/div><div class=\"fusion-text fusion-text-1\" style=\"--awb-text-color:var(--awb-color1);\"><p>The protection of your personal data is of particular concern to us. We therefore process your data exclusively on the basis of the statutory provisions (GDPR, TKG 2003). In this data protection information, we inform you about the most important aspects of data processing in the context of our website.<\/p>\n<p><strong>COOKIES<\/strong><\/p>\n<p class=\"p1\">Our website uses so-called cookies. These are small text files that are stored on your end device with the help of the browser. They do not cause any damage.<\/p>\n<p class=\"p1\">We use cookies to make our website more user-friendly. Some cookies remain stored on your end device until you delete them. They enable us to recognize your browser the next time you visit our website.<\/p>\n<p class=\"p1\">If you do not want this, you can reject it in the cookie banner.<\/p>\n<div class=\"fusion-title title fusion-title-6 fusion-sep-none fusion-title-text fusion-title-size-four\">\n<h4><\/h4>\n<h4 class=\"title-heading-left fusion-responsive-typography-calculated\">WEB ANALYSIS<\/h4>\n<\/div>\n<div class=\"fusion-text fusion-text-5\">\n<p>Our website uses functions of the web analysis service google Analytics based in the USA.<\/p>\n<p>Cookies are used for this purpose, which enable your use of the website to be analyzed. The information generated in this way is transferred to the provider&#8217;s server and stored there.<\/p>\n<p>You can prevent this by setting up your browser so that no cookies are stored. We have concluded a corresponding contract with the provider for commissioned data processing. Your IP address is recorded, but immediately pseudonymized (e.g. by deleting the last 8 bits). This means that only a rough localization is possible. The relationship with the web analytics provider is based on an adequacy decision of the European Commission (e.g. in the case of the USA: &#8220;Privacy Shield&#8221;).<\/p>\n<p>Data processing is carried out on the basis of the statutory provisions of Section 96 (3) TKG and Article 6 (1) (a) (consent) and\/or (f) (legitimate interest) of the GDPR.<\/p>\n<p>Our concern within the meaning of the GDPR (legitimate interest) is the improvement of our offer and our website. As the privacy of our users is important to us, the user data is pseudonymized.<\/p>\n<\/div>\n<p>If you do not want this, you can reject it in the cookie banner.<\/p>\n<div class=\"fusion-title title fusion-title-7 fusion-sep-none fusion-title-text fusion-title-size-four\">\n<h4><\/h4>\n<h4 class=\"title-heading-left fusion-responsive-typography-calculated\">USE OF GOOGLE MAPS<\/h4>\n<\/div>\n<div class=\"fusion-text fusion-text-6\">\n<p>This website uses Google Maps to display maps and to create directions. Google Maps is operated by Google Inc, 1600 Amphitheatre Parkway, Mountain View, CA 94043, USA. By using this website, you consent to the collection, processing and use of the automatically collected data and the data entered by you by Google, one of its representatives or third-party providers. The terms of use for Google Maps can be found at <a href=\"https:\/\/www.google.com\/intl\/de_de\/help\/terms_maps.html\" target=\"_blank\" rel=\"nofollow noopener\">Terms of use for Google Maps.<\/a> You can find more details in Google&#8217;s Privacy Center <a href=\"https:\/\/www.google.com\/policies\/privacy\/\" target=\"_blank\" rel=\"nofollow noopener\">here<\/a>.<\/p>\n<p>You must accept the display of Google Maps separately at the appropriate place on our website, only then will the data be loaded.<\/p>\n<\/div>\n<div class=\"fusion-title title fusion-title-8 fusion-sep-none fusion-title-text fusion-title-size-four\">\n<h4><\/h4>\n<h4 class=\"title-heading-left fusion-responsive-typography-calculated\">GOOGLE WEBFONTS<\/h4>\n<\/div>\n<div class=\"fusion-text fusion-text-7\">\n<p class=\"p1\">This page uses so-called web fonts to display the font. These are provided by Google (http:\/\/www.google.com\/webfonts\/). These are stored locally on our web server. It is not necessary to load the fonts from a Google server when you visit our website.<\/p>\n<\/div>\n<\/div><\/div><\/div><\/div><\/div><\/p>\n","protected":false},"excerpt":{"rendered":"","protected":false},"author":1,"featured_media":0,"parent":0,"menu_order":0,"comment_status":"closed","ping_status":"closed","template":"100-width.php","meta":{"footnotes":""},"class_list":["post-1836","page","type-page","status-publish","hentry"],"yoast_head":"<!-- This site is optimized with the Yoast SEO plugin v23.8 - https:\/\/yoast.com\/wordpress\/plugins\/seo\/ -->\n<title>KAPFERER - DAS DREHTEIL - Privacy policy, Kapferer GmbH<\/title>\n<meta name=\"description\" content=\"The protection of your personal data is a special concern of Kapferer GmbH. Wir sind Ihr zuverl\u00e4ssiger Partner f\u00fcr hochwertige Drehteile und individuelle L\u00f6sungen.\" \/>\n<meta name=\"robots\" content=\"index, follow, max-snippet:-1, max-image-preview:large, max-video-preview:-1\" \/>\n<link rel=\"canonical\" href=\"https:\/\/www.kapferer.at\/en\/privacy-policy\/\" \/>\n<meta property=\"og:locale\" content=\"en_US\" \/>\n<meta property=\"og:type\" content=\"article\" \/>\n<meta property=\"og:title\" content=\"KAPFERER - DAS DREHTEIL - Privacy policy, Kapferer GmbH\" \/>\n<meta property=\"og:description\" content=\"The protection of your personal data is a special concern of Kapferer GmbH. Wir sind Ihr zuverl\u00e4ssiger Partner f\u00fcr hochwertige Drehteile und individuelle L\u00f6sungen.\" \/>\n<meta property=\"og:url\" content=\"https:\/\/www.kapferer.at\/en\/privacy-policy\/\" \/>\n<meta property=\"og:site_name\" content=\"Kapferer\" \/>\n<meta property=\"article:modified_time\" content=\"2023-12-21T09:39:01+00:00\" \/>\n<meta name=\"twitter:card\" content=\"summary_large_image\" \/>\n<meta name=\"twitter:label1\" content=\"Est. reading time\" \/>\n\t<meta name=\"twitter:data1\" content=\"39 minutes\" \/>\n<script type=\"application\/ld+json\" class=\"yoast-schema-graph\">{\"@context\":\"https:\/\/schema.org\",\"@graph\":[{\"@type\":\"WebPage\",\"@id\":\"https:\/\/www.kapferer.at\/en\/privacy-policy\/\",\"url\":\"https:\/\/www.kapferer.at\/en\/privacy-policy\/\",\"name\":\"KAPFERER - DAS DREHTEIL - Privacy policy, Kapferer GmbH\",\"isPartOf\":{\"@id\":\"https:\/\/www.kapferer.at\/en\/#website\"},\"datePublished\":\"2022-07-13T12:52:46+00:00\",\"dateModified\":\"2023-12-21T09:39:01+00:00\",\"description\":\"The protection of your personal data is a special concern of Kapferer GmbH. Wir sind Ihr zuverl\u00e4ssiger Partner f\u00fcr hochwertige Drehteile und individuelle L\u00f6sungen.\",\"breadcrumb\":{\"@id\":\"https:\/\/www.kapferer.at\/en\/privacy-policy\/#breadcrumb\"},\"inLanguage\":\"en-US\",\"potentialAction\":[{\"@type\":\"ReadAction\",\"target\":[\"https:\/\/www.kapferer.at\/en\/privacy-policy\/\"]}]},{\"@type\":\"BreadcrumbList\",\"@id\":\"https:\/\/www.kapferer.at\/en\/privacy-policy\/#breadcrumb\",\"itemListElement\":[{\"@type\":\"ListItem\",\"position\":1,\"name\":\"Home\",\"item\":\"https:\/\/www.kapferer.at\/en\/startseite\/\"},{\"@type\":\"ListItem\",\"position\":2,\"name\":\"PRIVACY POLICY\"}]},{\"@type\":\"WebSite\",\"@id\":\"https:\/\/www.kapferer.at\/en\/#website\",\"url\":\"https:\/\/www.kapferer.at\/en\/\",\"name\":\"Kapferer\",\"description\":\"Das Drehteil\",\"potentialAction\":[{\"@type\":\"SearchAction\",\"target\":{\"@type\":\"EntryPoint\",\"urlTemplate\":\"https:\/\/www.kapferer.at\/en\/?s={search_term_string}\"},\"query-input\":{\"@type\":\"PropertyValueSpecification\",\"valueRequired\":true,\"valueName\":\"search_term_string\"}}],\"inLanguage\":\"en-US\"}]}<\/script>\n<!-- \/ Yoast SEO plugin. -->","yoast_head_json":{"title":"KAPFERER - DAS DREHTEIL - Privacy policy, Kapferer GmbH","description":"The protection of your personal data is a special concern of Kapferer GmbH. Wir sind Ihr zuverl\u00e4ssiger Partner f\u00fcr hochwertige Drehteile und individuelle L\u00f6sungen.","robots":{"index":"index","follow":"follow","max-snippet":"max-snippet:-1","max-image-preview":"max-image-preview:large","max-video-preview":"max-video-preview:-1"},"canonical":"https:\/\/www.kapferer.at\/en\/privacy-policy\/","og_locale":"en_US","og_type":"article","og_title":"KAPFERER - DAS DREHTEIL - Privacy policy, Kapferer GmbH","og_description":"The protection of your personal data is a special concern of Kapferer GmbH. Wir sind Ihr zuverl\u00e4ssiger Partner f\u00fcr hochwertige Drehteile und individuelle L\u00f6sungen.","og_url":"https:\/\/www.kapferer.at\/en\/privacy-policy\/","og_site_name":"Kapferer","article_modified_time":"2023-12-21T09:39:01+00:00","twitter_card":"summary_large_image","twitter_misc":{"Est. reading time":"39 minutes"},"schema":{"@context":"https:\/\/schema.org","@graph":[{"@type":"WebPage","@id":"https:\/\/www.kapferer.at\/en\/privacy-policy\/","url":"https:\/\/www.kapferer.at\/en\/privacy-policy\/","name":"KAPFERER - DAS DREHTEIL - Privacy policy, Kapferer GmbH","isPartOf":{"@id":"https:\/\/www.kapferer.at\/en\/#website"},"datePublished":"2022-07-13T12:52:46+00:00","dateModified":"2023-12-21T09:39:01+00:00","description":"The protection of your personal data is a special concern of Kapferer GmbH. Wir sind Ihr zuverl\u00e4ssiger Partner f\u00fcr hochwertige Drehteile und individuelle L\u00f6sungen.","breadcrumb":{"@id":"https:\/\/www.kapferer.at\/en\/privacy-policy\/#breadcrumb"},"inLanguage":"en-US","potentialAction":[{"@type":"ReadAction","target":["https:\/\/www.kapferer.at\/en\/privacy-policy\/"]}]},{"@type":"BreadcrumbList","@id":"https:\/\/www.kapferer.at\/en\/privacy-policy\/#breadcrumb","itemListElement":[{"@type":"ListItem","position":1,"name":"Home","item":"https:\/\/www.kapferer.at\/en\/startseite\/"},{"@type":"ListItem","position":2,"name":"PRIVACY POLICY"}]},{"@type":"WebSite","@id":"https:\/\/www.kapferer.at\/en\/#website","url":"https:\/\/www.kapferer.at\/en\/","name":"Kapferer","description":"Das Drehteil","potentialAction":[{"@type":"SearchAction","target":{"@type":"EntryPoint","urlTemplate":"https:\/\/www.kapferer.at\/en\/?s={search_term_string}"},"query-input":{"@type":"PropertyValueSpecification","valueRequired":true,"valueName":"search_term_string"}}],"inLanguage":"en-US"}]}},"_links":{"self":[{"href":"https:\/\/www.kapferer.at\/en\/wp-json\/wp\/v2\/pages\/1836","targetHints":{"allow":["GET"]}}],"collection":[{"href":"https:\/\/www.kapferer.at\/en\/wp-json\/wp\/v2\/pages"}],"about":[{"href":"https:\/\/www.kapferer.at\/en\/wp-json\/wp\/v2\/types\/page"}],"author":[{"embeddable":true,"href":"https:\/\/www.kapferer.at\/en\/wp-json\/wp\/v2\/users\/1"}],"replies":[{"embeddable":true,"href":"https:\/\/www.kapferer.at\/en\/wp-json\/wp\/v2\/comments?post=1836"}],"version-history":[{"count":2,"href":"https:\/\/www.kapferer.at\/en\/wp-json\/wp\/v2\/pages\/1836\/revisions"}],"predecessor-version":[{"id":1838,"href":"https:\/\/www.kapferer.at\/en\/wp-json\/wp\/v2\/pages\/1836\/revisions\/1838"}],"wp:attachment":[{"href":"https:\/\/www.kapferer.at\/en\/wp-json\/wp\/v2\/media?parent=1836"}],"curies":[{"name":"wp","href":"https:\/\/api.w.org\/{rel}","templated":true}]}}